{"id":121,"date":"2025-11-29T22:47:33","date_gmt":"2025-11-29T22:47:33","guid":{"rendered":"https:\/\/lalampeetlecerisier.fr\/?page_id=121"},"modified":"2026-01-02T13:05:58","modified_gmt":"2026-01-02T13:05:58","slug":"mon-parcours","status":"publish","type":"page","link":"https:\/\/lalampeetlecerisier.fr\/?page_id=121","title":{"rendered":"Mon parcours"},"content":{"rendered":"\n<h2 class=\"wp-block-heading\"><mark style=\"background-color:rgba(0, 0, 0, 0);color:#cf2e2e\" class=\"has-inline-color\">Brouillon en cours d&rsquo;\u00e9laboration<\/mark><\/h2>\n\n\n\n<p>S\u2019il existe une chose que je fais sans un enthousiasme d\u00e9mesur\u00e9, c\u2019est bien celle qui consiste \u00e0 publier ma photo ou \u00e0 livrer une partie de ma vie. Je m\u2019y astreins dans un unique but de sinc\u00e9rit\u00e9 vis-\u00e0-vis des visiteurs, qui sauront ainsi, autant qu\u2019il est possible, \u00e0 qui ils ont affaire.<br>Ce qui est expos\u00e9 ci-apr\u00e8s s\u2019est fait en parall\u00e8le avec ma vie professionnelle, qu\u2019il est inutile d\u2019\u00e9voquer ici puisque la pratique de la m\u00e9ditation n\u2019a jamais \u00e9t\u00e9 li\u00e9e \u00e0 ma profession.<\/p>\n\n\n\n<figure class=\"wp-block-image aligncenter size-full is-resized\"><img fetchpriority=\"high\" decoding=\"async\" width=\"546\" height=\"686\" src=\"https:\/\/lalampeetlecerisier.fr\/wp-content\/uploads\/2026\/01\/avec-paint-bleu.png\" alt=\"\" class=\"wp-image-444\" style=\"aspect-ratio:0.7959982812457066;width:62px;height:auto\" srcset=\"https:\/\/lalampeetlecerisier.fr\/wp-content\/uploads\/2026\/01\/avec-paint-bleu.png 546w, https:\/\/lalampeetlecerisier.fr\/wp-content\/uploads\/2026\/01\/avec-paint-bleu-239x300.png 239w\" sizes=\"(max-width: 546px) 100vw, 546px\" \/><\/figure>\n\n\n\n<p><strong>Une pratique n\u00e9e tr\u00e8s t\u00f4t<\/strong><\/p>\n","protected":false},"excerpt":{"rendered":"<p>Brouillon en cours d&rsquo;\u00e9laboration S\u2019il existe une chose que je fais sans un enthousiasme d\u00e9mesur\u00e9, c\u2019est bien celle qui consiste [&hellip;]<\/p>\n","protected":false},"author":1,"featured_media":0,"parent":115,"menu_order":1,"comment_status":"closed","ping_status":"closed","template":"","meta":{"site-sidebar-layout":"default","site-content-layout":"","ast-site-content-layout":"default","site-content-style":"default","site-sidebar-style":"default","ast-global-header-display":"","ast-banner-title-visibility":"","ast-main-header-display":"","ast-hfb-above-header-display":"","ast-hfb-below-header-display":"","ast-hfb-mobile-header-display":"","site-post-title":"disabled","ast-breadcrumbs-content":"","ast-featured-img":"","footer-sml-layout":"","ast-disable-related-posts":"","theme-transparent-header-meta":"","adv-header-id-meta":"","stick-header-meta":"","header-above-stick-meta":"","header-main-stick-meta":"","header-below-stick-meta":"","astra-migrate-meta-layouts":"default","ast-page-background-enabled":"default","ast-page-background-meta":{"desktop":{"background-color":"var(--ast-global-color-5)","background-image":"","background-repeat":"repeat","background-position":"center center","background-size":"auto","background-attachment":"scroll","background-type":"","background-media":"","overlay-type":"","overlay-color":"","overlay-opacity":"","overlay-gradient":""},"tablet":{"background-color":"","background-image":"","background-repeat":"repeat","background-position":"center center","background-size":"auto","background-attachment":"scroll","background-type":"","background-media":"","overlay-type":"","overlay-color":"","overlay-opacity":"","overlay-gradient":""},"mobile":{"background-color":"","background-image":"","background-repeat":"repeat","background-position":"center center","background-size":"auto","background-attachment":"scroll","background-type":"","background-media":"","overlay-type":"","overlay-color":"","overlay-opacity":"","overlay-gradient":""}},"ast-content-background-meta":{"desktop":{"background-color":"var(--ast-global-color-4)","background-image":"","background-repeat":"repeat","background-position":"center center","background-size":"auto","background-attachment":"scroll","background-type":"","background-media":"","overlay-type":"","overlay-color":"","overlay-opacity":"","overlay-gradient":""},"tablet":{"background-color":"var(--ast-global-color-4)","background-image":"","background-repeat":"repeat","background-position":"center center","background-size":"auto","background-attachment":"scroll","background-type":"","background-media":"","overlay-type":"","overlay-color":"","overlay-opacity":"","overlay-gradient":""},"mobile":{"background-color":"var(--ast-global-color-4)","background-image":"","background-repeat":"repeat","background-position":"center center","background-size":"auto","background-attachment":"scroll","background-type":"","background-media":"","overlay-type":"","overlay-color":"","overlay-opacity":"","overlay-gradient":""}},"footnotes":""},"class_list":["post-121","page","type-page","status-publish","hentry"],"yoast_head":"<!-- This site is optimized with the Yoast SEO plugin v26.8 - https:\/\/yoast.com\/product\/yoast-seo-wordpress\/ -->\n<title>Mon parcours - La Lampe et le Cerisier<\/title>\n<meta name=\"robots\" content=\"index, follow, max-snippet:-1, max-image-preview:large, max-video-preview:-1\" \/>\n<link rel=\"canonical\" href=\"https:\/\/lalampeetlecerisier.fr\/?page_id=121\" \/>\n<meta property=\"og:locale\" content=\"fr_FR\" \/>\n<meta property=\"og:type\" content=\"article\" \/>\n<meta property=\"og:title\" content=\"Mon parcours - La Lampe et le Cerisier\" \/>\n<meta property=\"og:description\" content=\"Brouillon en cours d&rsquo;\u00e9laboration S\u2019il existe une chose que je fais sans un enthousiasme d\u00e9mesur\u00e9, c\u2019est bien celle qui consiste [&hellip;]\" \/>\n<meta property=\"og:url\" content=\"https:\/\/lalampeetlecerisier.fr\/?page_id=121\" \/>\n<meta property=\"og:site_name\" content=\"La Lampe et le Cerisier\" \/>\n<meta property=\"article:modified_time\" content=\"2026-01-02T13:05:58+00:00\" \/>\n<meta property=\"og:image\" content=\"https:\/\/lalampeetlecerisier.fr\/wp-content\/uploads\/2026\/01\/avec-paint-bleu.png\" \/>\n\t<meta property=\"og:image:width\" content=\"546\" \/>\n\t<meta property=\"og:image:height\" content=\"686\" \/>\n\t<meta property=\"og:image:type\" content=\"image\/png\" \/>\n<meta name=\"twitter:card\" content=\"summary_large_image\" \/>\n<meta name=\"twitter:label1\" content=\"Dur\u00e9e de lecture estim\u00e9e\" \/>\n\t<meta name=\"twitter:data1\" content=\"1 minute\" \/>\n<script type=\"application\/ld+json\" class=\"yoast-schema-graph\">{\"@context\":\"https:\/\/schema.org\",\"@graph\":[{\"@type\":\"WebPage\",\"@id\":\"https:\/\/lalampeetlecerisier.fr\/?page_id=121\",\"url\":\"https:\/\/lalampeetlecerisier.fr\/?page_id=121\",\"name\":\"Mon parcours - La Lampe et le Cerisier\",\"isPartOf\":{\"@id\":\"https:\/\/lalampeetlecerisier.fr\/#website\"},\"primaryImageOfPage\":{\"@id\":\"https:\/\/lalampeetlecerisier.fr\/?page_id=121#primaryimage\"},\"image\":{\"@id\":\"https:\/\/lalampeetlecerisier.fr\/?page_id=121#primaryimage\"},\"thumbnailUrl\":\"https:\/\/lalampeetlecerisier.fr\/wp-content\/uploads\/2026\/01\/avec-paint-bleu.png\",\"datePublished\":\"2025-11-29T22:47:33+00:00\",\"dateModified\":\"2026-01-02T13:05:58+00:00\",\"breadcrumb\":{\"@id\":\"https:\/\/lalampeetlecerisier.fr\/?page_id=121#breadcrumb\"},\"inLanguage\":\"fr-FR\",\"potentialAction\":[{\"@type\":\"ReadAction\",\"target\":[\"https:\/\/lalampeetlecerisier.fr\/?page_id=121\"]}]},{\"@type\":\"ImageObject\",\"inLanguage\":\"fr-FR\",\"@id\":\"https:\/\/lalampeetlecerisier.fr\/?page_id=121#primaryimage\",\"url\":\"https:\/\/lalampeetlecerisier.fr\/wp-content\/uploads\/2026\/01\/avec-paint-bleu.png\",\"contentUrl\":\"https:\/\/lalampeetlecerisier.fr\/wp-content\/uploads\/2026\/01\/avec-paint-bleu.png\",\"width\":546,\"height\":686},{\"@type\":\"BreadcrumbList\",\"@id\":\"https:\/\/lalampeetlecerisier.fr\/?page_id=121#breadcrumb\",\"itemListElement\":[{\"@type\":\"ListItem\",\"position\":1,\"name\":\"Accueil\",\"item\":\"https:\/\/lalampeetlecerisier.fr\/\"},{\"@type\":\"ListItem\",\"position\":2,\"name\":\"M\u00e9ditation guid\u00e9e\",\"item\":\"https:\/\/lalampeetlecerisier.fr\/?page_id=115\"},{\"@type\":\"ListItem\",\"position\":3,\"name\":\"Mon parcours\"}]},{\"@type\":\"WebSite\",\"@id\":\"https:\/\/lalampeetlecerisier.fr\/#website\",\"url\":\"https:\/\/lalampeetlecerisier.fr\/\",\"name\":\"La Lampe et le Cerisier\",\"description\":\"Pr\u00e9sence \u00e0 la vie : monde int\u00e9rieur, monde ext\u00e9rieur\",\"publisher\":{\"@id\":\"https:\/\/lalampeetlecerisier.fr\/#organization\"},\"potentialAction\":[{\"@type\":\"SearchAction\",\"target\":{\"@type\":\"EntryPoint\",\"urlTemplate\":\"https:\/\/lalampeetlecerisier.fr\/?s={search_term_string}\"},\"query-input\":{\"@type\":\"PropertyValueSpecification\",\"valueRequired\":true,\"valueName\":\"search_term_string\"}}],\"inLanguage\":\"fr-FR\"},{\"@type\":\"Organization\",\"@id\":\"https:\/\/lalampeetlecerisier.fr\/#organization\",\"name\":\"La Lampe et le Cerisier\",\"url\":\"https:\/\/lalampeetlecerisier.fr\/\",\"logo\":{\"@type\":\"ImageObject\",\"inLanguage\":\"fr-FR\",\"@id\":\"https:\/\/lalampeetlecerisier.fr\/#\/schema\/logo\/image\/\",\"url\":\"https:\/\/lalampeetlecerisier.fr\/wp-content\/uploads\/2025\/11\/cropped-cropped-lampe-bichrome.jpg\",\"contentUrl\":\"https:\/\/lalampeetlecerisier.fr\/wp-content\/uploads\/2025\/11\/cropped-cropped-lampe-bichrome.jpg\",\"width\":512,\"height\":495,\"caption\":\"La Lampe et le Cerisier\"},\"image\":{\"@id\":\"https:\/\/lalampeetlecerisier.fr\/#\/schema\/logo\/image\/\"}}]}<\/script>\n<!-- \/ Yoast SEO plugin. -->","yoast_head_json":{"title":"Mon parcours - La Lampe et le Cerisier","robots":{"index":"index","follow":"follow","max-snippet":"max-snippet:-1","max-image-preview":"max-image-preview:large","max-video-preview":"max-video-preview:-1"},"canonical":"https:\/\/lalampeetlecerisier.fr\/?page_id=121","og_locale":"fr_FR","og_type":"article","og_title":"Mon parcours - La Lampe et le Cerisier","og_description":"Brouillon en cours d&rsquo;\u00e9laboration S\u2019il existe une chose que je fais sans un enthousiasme d\u00e9mesur\u00e9, c\u2019est bien celle qui consiste [&hellip;]","og_url":"https:\/\/lalampeetlecerisier.fr\/?page_id=121","og_site_name":"La Lampe et le Cerisier","article_modified_time":"2026-01-02T13:05:58+00:00","og_image":[{"width":546,"height":686,"url":"https:\/\/lalampeetlecerisier.fr\/wp-content\/uploads\/2026\/01\/avec-paint-bleu.png","type":"image\/png"}],"twitter_card":"summary_large_image","twitter_misc":{"Dur\u00e9e de lecture estim\u00e9e":"1 minute"},"schema":{"@context":"https:\/\/schema.org","@graph":[{"@type":"WebPage","@id":"https:\/\/lalampeetlecerisier.fr\/?page_id=121","url":"https:\/\/lalampeetlecerisier.fr\/?page_id=121","name":"Mon parcours - La Lampe et le Cerisier","isPartOf":{"@id":"https:\/\/lalampeetlecerisier.fr\/#website"},"primaryImageOfPage":{"@id":"https:\/\/lalampeetlecerisier.fr\/?page_id=121#primaryimage"},"image":{"@id":"https:\/\/lalampeetlecerisier.fr\/?page_id=121#primaryimage"},"thumbnailUrl":"https:\/\/lalampeetlecerisier.fr\/wp-content\/uploads\/2026\/01\/avec-paint-bleu.png","datePublished":"2025-11-29T22:47:33+00:00","dateModified":"2026-01-02T13:05:58+00:00","breadcrumb":{"@id":"https:\/\/lalampeetlecerisier.fr\/?page_id=121#breadcrumb"},"inLanguage":"fr-FR","potentialAction":[{"@type":"ReadAction","target":["https:\/\/lalampeetlecerisier.fr\/?page_id=121"]}]},{"@type":"ImageObject","inLanguage":"fr-FR","@id":"https:\/\/lalampeetlecerisier.fr\/?page_id=121#primaryimage","url":"https:\/\/lalampeetlecerisier.fr\/wp-content\/uploads\/2026\/01\/avec-paint-bleu.png","contentUrl":"https:\/\/lalampeetlecerisier.fr\/wp-content\/uploads\/2026\/01\/avec-paint-bleu.png","width":546,"height":686},{"@type":"BreadcrumbList","@id":"https:\/\/lalampeetlecerisier.fr\/?page_id=121#breadcrumb","itemListElement":[{"@type":"ListItem","position":1,"name":"Accueil","item":"https:\/\/lalampeetlecerisier.fr\/"},{"@type":"ListItem","position":2,"name":"M\u00e9ditation guid\u00e9e","item":"https:\/\/lalampeetlecerisier.fr\/?page_id=115"},{"@type":"ListItem","position":3,"name":"Mon parcours"}]},{"@type":"WebSite","@id":"https:\/\/lalampeetlecerisier.fr\/#website","url":"https:\/\/lalampeetlecerisier.fr\/","name":"La Lampe et le Cerisier","description":"Pr\u00e9sence \u00e0 la vie : monde int\u00e9rieur, monde ext\u00e9rieur","publisher":{"@id":"https:\/\/lalampeetlecerisier.fr\/#organization"},"potentialAction":[{"@type":"SearchAction","target":{"@type":"EntryPoint","urlTemplate":"https:\/\/lalampeetlecerisier.fr\/?s={search_term_string}"},"query-input":{"@type":"PropertyValueSpecification","valueRequired":true,"valueName":"search_term_string"}}],"inLanguage":"fr-FR"},{"@type":"Organization","@id":"https:\/\/lalampeetlecerisier.fr\/#organization","name":"La Lampe et le Cerisier","url":"https:\/\/lalampeetlecerisier.fr\/","logo":{"@type":"ImageObject","inLanguage":"fr-FR","@id":"https:\/\/lalampeetlecerisier.fr\/#\/schema\/logo\/image\/","url":"https:\/\/lalampeetlecerisier.fr\/wp-content\/uploads\/2025\/11\/cropped-cropped-lampe-bichrome.jpg","contentUrl":"https:\/\/lalampeetlecerisier.fr\/wp-content\/uploads\/2025\/11\/cropped-cropped-lampe-bichrome.jpg","width":512,"height":495,"caption":"La Lampe et le Cerisier"},"image":{"@id":"https:\/\/lalampeetlecerisier.fr\/#\/schema\/logo\/image\/"}}]}},"_links":{"self":[{"href":"https:\/\/lalampeetlecerisier.fr\/index.php?rest_route=\/wp\/v2\/pages\/121","targetHints":{"allow":["GET"]}}],"collection":[{"href":"https:\/\/lalampeetlecerisier.fr\/index.php?rest_route=\/wp\/v2\/pages"}],"about":[{"href":"https:\/\/lalampeetlecerisier.fr\/index.php?rest_route=\/wp\/v2\/types\/page"}],"author":[{"embeddable":true,"href":"https:\/\/lalampeetlecerisier.fr\/index.php?rest_route=\/wp\/v2\/users\/1"}],"replies":[{"embeddable":true,"href":"https:\/\/lalampeetlecerisier.fr\/index.php?rest_route=%2Fwp%2Fv2%2Fcomments&post=121"}],"version-history":[{"count":10,"href":"https:\/\/lalampeetlecerisier.fr\/index.php?rest_route=\/wp\/v2\/pages\/121\/revisions"}],"predecessor-version":[{"id":447,"href":"https:\/\/lalampeetlecerisier.fr\/index.php?rest_route=\/wp\/v2\/pages\/121\/revisions\/447"}],"up":[{"embeddable":true,"href":"https:\/\/lalampeetlecerisier.fr\/index.php?rest_route=\/wp\/v2\/pages\/115"}],"wp:attachment":[{"href":"https:\/\/lalampeetlecerisier.fr\/index.php?rest_route=%2Fwp%2Fv2%2Fmedia&parent=121"}],"curies":[{"name":"wp","href":"https:\/\/api.w.org\/{rel}","templated":true}]}}