{"id":35,"date":"2025-11-27T22:21:26","date_gmt":"2025-11-27T22:21:26","guid":{"rendered":"https:\/\/lalampeetlecerisier.fr\/?page_id=35"},"modified":"2025-12-29T20:32:59","modified_gmt":"2025-12-29T20:32:59","slug":"test","status":"publish","type":"page","link":"https:\/\/lalampeetlecerisier.fr\/","title":{"rendered":"Accueil"},"content":{"rendered":"\t\t<div data-elementor-type=\"wp-page\" data-elementor-id=\"35\" class=\"elementor elementor-35\">\n\t\t\t\t<div class=\"elementor-element elementor-element-656ca51c e-flex e-con-boxed e-con e-parent\" data-id=\"656ca51c\" data-element_type=\"container\" data-e-type=\"container\">\n\t\t\t\t\t<div class=\"e-con-inner\">\n\t\t\t\t<div class=\"elementor-element elementor-element-5597234 elementor-widget elementor-widget-text-editor\" data-id=\"5597234\" data-element_type=\"widget\" data-e-type=\"widget\" data-widget_type=\"text-editor.default\">\n\t\t\t\t\t\t\t\t\t\n<figure class=\"wp-block-image size-full is-resized\"><img fetchpriority=\"high\" decoding=\"async\" width=\"885\" height=\"316\" class=\"wp-image-138\" style=\"width: 1031px; height: auto;\" src=\"https:\/\/lalampeetlecerisier.fr\/wp-content\/uploads\/2025\/12\/lampe-bandeau-1-Copie.jpg\" alt=\"\" srcset=\"https:\/\/lalampeetlecerisier.fr\/wp-content\/uploads\/2025\/12\/lampe-bandeau-1-Copie.jpg 885w, https:\/\/lalampeetlecerisier.fr\/wp-content\/uploads\/2025\/12\/lampe-bandeau-1-Copie-300x107.jpg 300w, https:\/\/lalampeetlecerisier.fr\/wp-content\/uploads\/2025\/12\/lampe-bandeau-1-Copie-768x274.jpg 768w\" sizes=\"(max-width: 885px) 100vw, 885px\" \/><\/figure>\n\n<p>\u00a0<\/p>\n\n<h3 class=\"wp-block-heading\">Installez-vous sous la lampe et le cerisier&#8230;<\/h3>\n\n<p align=\"justify\">&#8230; et laissez-vous porter par le dialogue entre votre monde int\u00e9rieur et le monde sensible, <br \/>Chaque printemps, la fleur du cerisier d\u00e9ploie une beaut\u00e9 aussi d\u00e9licate qu\u2019\u00e9ph\u00e9m\u00e8re. Emport\u00e9e par le vent, elle nous offre une m\u00e9ditation sur le non-attachement et l&rsquo;importance du moment pr\u00e9sent. <br \/>La symbolique port\u00e9e par la\/le <i>sakura<\/i> (fleur de cerisier) est vivace au Japon mais c\u2019est au coeur de Paris, au square des Batignolles, qu\u2019un beau jour de 1987 je vis un jardinier accrocher une lampe \u00e0 p\u00e9trole au cerisier japonais pr\u00e8s du petit plan d\u2019eau. Il l\u2019alluma, recula pour en observer l\u2019effet, puis s\u2019\u00e9loigna. Ne me demandez pas ce qui motivait son initiative, je n\u2019en ai aucune id\u00e9e. Il me laissa surtout seul face \u00e0 ce tableau dont les lumi\u00e8res devinrent saisissantes \u00e0 la tomb\u00e9e du soir.<br \/>Je suis souvent revenu dans ce square, aupr\u00e8s du plan d\u2019eau entour\u00e9 de hauts platanes et du cerisier, ne ratant jamais sa floraison printani\u00e8re durant mes ann\u00e9es de r\u00e9sidence \u00e0 Paris. C\u2019est aussi \u00e0 cette \u00e9poque que s\u2019ouvrait pour moi un horizon plus int\u00e9rieur.<br \/>Depuis, le chemin parcouru a \u00e9t\u00e9 g\u00e9n\u00e9reux en enseignements, re\u00e7us parfois dans la douceur, parfois dans l\u2019\u00e9preuve. L\u2019image de la lampe et du cerisier s\u2019est impos\u00e9e comme un symbole naturel pour accompagner ce site. J\u2019esp\u00e8re qu\u2019elle vous offrira un espace de beaut\u00e9, de partage et de pratique f\u00e9conde.<\/p>\n\t\t\t\t\t\t\t\t<\/div>\n\t\t\t\t\t<\/div>\n\t\t\t\t<\/div>\n\t\t<div class=\"elementor-element elementor-element-9b3a51d e-flex e-con-boxed e-con e-parent\" data-id=\"9b3a51d\" data-element_type=\"container\" data-e-type=\"container\">\n\t\t\t\t\t<div class=\"e-con-inner\">\n\t\t\t\t<div class=\"elementor-element elementor-element-581af85 elementor-widget-divider--view-line elementor-widget elementor-widget-divider\" data-id=\"581af85\" data-element_type=\"widget\" data-e-type=\"widget\" data-widget_type=\"divider.default\">\n\t\t\t\t\t\t\t<div class=\"elementor-divider\">\n\t\t\t<span class=\"elementor-divider-separator\">\n\t\t\t\t\t\t<\/span>\n\t\t<\/div>\n\t\t\t\t\t\t<\/div>\n\t\t\t\t\t<\/div>\n\t\t\t\t<\/div>\n\t\t<div class=\"elementor-element elementor-element-de2ad40 e-flex e-con-boxed e-con e-parent\" data-id=\"de2ad40\" data-element_type=\"container\" data-e-type=\"container\">\n\t\t\t\t\t<div class=\"e-con-inner\">\n\t\t\t\t<div class=\"elementor-element elementor-element-5e4a694 elementor-widget elementor-widget-text-editor\" data-id=\"5e4a694\" data-element_type=\"widget\" data-e-type=\"widget\" data-widget_type=\"text-editor.default\">\n\t\t\t\t\t\t\t\t\t<p align=\"justify\">Le pr\u00e9sent lieu a \u00e9t\u00e9 cr\u00e9\u00e9 en priorit\u00e9 pour partager avec vous <b>les informations relatives aux activit\u00e9s de m\u00e9ditation que je propose d\u2019animer. <br \/><\/b>Pour autant, la m\u00e9ditation n\u2019est pas une activit\u00e9 \u00e0 l\u2019\u00e9cart du monde, elle est en son sein et n\u2019\u00e9chappe pas \u00e0 son tumulte. La deuxi\u00e8me entr\u00e9e nomm\u00e9e les bruits de l\u2019Arbre est ax\u00e9e sur les questions environnementales qui font l\u2019actualit\u00e9. Elle \u00e9voluera, telle la fleur du cerisier, sans objectif pr\u00e9cis \u00e0 atteindre.<\/p>\t\t\t\t\t\t\t\t<\/div>\n\t\t\t\t\t<\/div>\n\t\t\t\t<\/div>\n\t\t<div class=\"elementor-element elementor-element-6052cb1 e-con-full e-flex e-con e-parent\" data-id=\"6052cb1\" data-element_type=\"container\" data-e-type=\"container\" data-settings=\"{&quot;background_background&quot;:&quot;classic&quot;}\">\n\t\t<div class=\"elementor-element elementor-element-4ffa75c e-con-full e-flex e-con e-child\" data-id=\"4ffa75c\" data-element_type=\"container\" data-e-type=\"container\" data-settings=\"{&quot;background_background&quot;:&quot;gradient&quot;}\">\n\t\t<div class=\"elementor-element elementor-element-d8e5a60 e-con-full e-flex e-con e-child\" data-id=\"d8e5a60\" data-element_type=\"container\" data-e-type=\"container\" data-settings=\"{&quot;background_background&quot;:&quot;classic&quot;}\">\n\t\t<div class=\"elementor-element elementor-element-52e9f6f e-con-full e-flex e-con e-child\" data-id=\"52e9f6f\" data-element_type=\"container\" data-e-type=\"container\">\n\t\t\t\t<div class=\"elementor-element elementor-element-66be8dd elementor-widget__width-initial elementor-widget elementor-widget-image\" data-id=\"66be8dd\" data-element_type=\"widget\" data-e-type=\"widget\" data-widget_type=\"image.default\">\n\t\t\t\t\t\t\t\t\t\t\t\t\t\t\t<img decoding=\"async\" width=\"797\" height=\"823\" src=\"https:\/\/lalampeetlecerisier.fr\/wp-content\/uploads\/2025\/12\/leonardo-banc-final-Copie-1.jpg\" class=\"attachment-large size-large wp-image-335\" alt=\"\" srcset=\"https:\/\/lalampeetlecerisier.fr\/wp-content\/uploads\/2025\/12\/leonardo-banc-final-Copie-1.jpg 797w, https:\/\/lalampeetlecerisier.fr\/wp-content\/uploads\/2025\/12\/leonardo-banc-final-Copie-1-291x300.jpg 291w, https:\/\/lalampeetlecerisier.fr\/wp-content\/uploads\/2025\/12\/leonardo-banc-final-Copie-1-768x793.jpg 768w\" sizes=\"(max-width: 797px) 100vw, 797px\" \/>\t\t\t\t\t\t\t\t\t\t\t\t\t\t\t<\/div>\n\t\t\t\t<\/div>\n\t\t<div class=\"elementor-element elementor-element-1ea2798 e-con-full e-flex e-con e-child\" data-id=\"1ea2798\" data-element_type=\"container\" data-e-type=\"container\">\n\t\t\t\t<div class=\"elementor-element elementor-element-fe86187 elementor-widget elementor-widget-heading\" data-id=\"fe86187\" data-element_type=\"widget\" data-e-type=\"widget\" data-widget_type=\"heading.default\">\n\t\t\t\t\t<h3 class=\"elementor-heading-title elementor-size-default\">La m\u00e9ditation guid\u00e9e<\/h3>\t\t\t\t<\/div>\n\t\t\t\t<div class=\"elementor-element elementor-element-d726678 elementor-widget elementor-widget-text-editor\" data-id=\"d726678\" data-element_type=\"widget\" data-e-type=\"widget\" data-widget_type=\"text-editor.default\">\n\t\t\t\t\t\t\t\t\t<p>Pratiques de pr\u00e9sence \u00e0 soi et au monde.<\/p>\t\t\t\t\t\t\t\t<\/div>\n\t\t\t\t<div class=\"elementor-element elementor-element-2c3a564 elementor-widget elementor-widget-button\" data-id=\"2c3a564\" data-element_type=\"widget\" data-e-type=\"widget\" data-widget_type=\"button.default\">\n\t\t\t\t\t\t\t\t\t\t<a class=\"elementor-button elementor-button-link elementor-size-sm\" href=\"https:\/\/lalampeetlecerisier.fr\/?page_id=115\">\n\t\t\t\t\t\t<span class=\"elementor-button-content-wrapper\">\n\t\t\t\t\t\t\t\t\t<span class=\"elementor-button-text\">Je d\u00e9couvre la m\u00e9ditation<\/span>\n\t\t\t\t\t<\/span>\n\t\t\t\t\t<\/a>\n\t\t\t\t\t\t\t\t<\/div>\n\t\t\t\t<\/div>\n\t\t\t\t<\/div>\n\t\t\t\t<\/div>\n\t\t<div class=\"elementor-element elementor-element-7eb8985 e-con-full e-flex e-con e-child\" data-id=\"7eb8985\" data-element_type=\"container\" data-e-type=\"container\" data-settings=\"{&quot;background_background&quot;:&quot;classic&quot;}\">\n\t\t<div class=\"elementor-element elementor-element-0fda34a e-con-full e-flex e-con e-child\" data-id=\"0fda34a\" data-element_type=\"container\" data-e-type=\"container\" data-settings=\"{&quot;background_background&quot;:&quot;classic&quot;}\">\n\t\t<div class=\"elementor-element elementor-element-49e751f e-con-full e-flex e-con e-child\" data-id=\"49e751f\" data-element_type=\"container\" data-e-type=\"container\">\n\t\t\t\t<div class=\"elementor-element elementor-element-96a78fb elementor-widget__width-initial elementor-widget elementor-widget-image\" data-id=\"96a78fb\" data-element_type=\"widget\" data-e-type=\"widget\" data-widget_type=\"image.default\">\n\t\t\t\t\t\t\t\t\t\t\t\t\t\t\t<img decoding=\"async\" width=\"834\" height=\"1024\" src=\"https:\/\/lalampeetlecerisier.fr\/wp-content\/uploads\/2025\/12\/ChatGPT-Image-16-dec.-2025-08_28_34-Copie-834x1024.jpg\" class=\"attachment-large size-large wp-image-348\" alt=\"\" srcset=\"https:\/\/lalampeetlecerisier.fr\/wp-content\/uploads\/2025\/12\/ChatGPT-Image-16-dec.-2025-08_28_34-Copie-834x1024.jpg 834w, https:\/\/lalampeetlecerisier.fr\/wp-content\/uploads\/2025\/12\/ChatGPT-Image-16-dec.-2025-08_28_34-Copie-244x300.jpg 244w, https:\/\/lalampeetlecerisier.fr\/wp-content\/uploads\/2025\/12\/ChatGPT-Image-16-dec.-2025-08_28_34-Copie-768x943.jpg 768w, https:\/\/lalampeetlecerisier.fr\/wp-content\/uploads\/2025\/12\/ChatGPT-Image-16-dec.-2025-08_28_34-Copie.jpg 1024w\" sizes=\"(max-width: 834px) 100vw, 834px\" \/>\t\t\t\t\t\t\t\t\t\t\t\t\t\t\t<\/div>\n\t\t\t\t<\/div>\n\t\t<div class=\"elementor-element elementor-element-49d6bfc e-con-full e-flex e-con e-child\" data-id=\"49d6bfc\" data-element_type=\"container\" data-e-type=\"container\">\n\t\t\t\t<div class=\"elementor-element elementor-element-56790bc elementor-widget elementor-widget-heading\" data-id=\"56790bc\" data-element_type=\"widget\" data-e-type=\"widget\" data-widget_type=\"heading.default\">\n\t\t\t\t\t<h3 class=\"elementor-heading-title elementor-size-default\">Les bruits de l'Arbre\n\n<\/h3>\t\t\t\t<\/div>\n\t\t\t\t<div class=\"elementor-element elementor-element-77837ba elementor-widget elementor-widget-text-editor\" data-id=\"77837ba\" data-element_type=\"widget\" data-e-type=\"widget\" data-widget_type=\"text-editor.default\">\n\t\t\t\t\t\t\t\t\t<p>La plan\u00e8te grince. Les arbres entendent. Et nous ?<\/p>\t\t\t\t\t\t\t\t<\/div>\n\t\t\t\t<div class=\"elementor-element elementor-element-3b7fa1b elementor-widget elementor-widget-button\" data-id=\"3b7fa1b\" data-element_type=\"widget\" data-e-type=\"widget\" data-widget_type=\"button.default\">\n\t\t\t\t\t\t\t\t\t\t<a class=\"elementor-button elementor-button-link elementor-size-sm\" href=\"https:\/\/lalampeetlecerisier.fr\/?page_id=17\">\n\t\t\t\t\t\t<span class=\"elementor-button-content-wrapper\">\n\t\t\t\t\t\t\t\t\t<span class=\"elementor-button-text\">Je tends l'oreille<\/span>\n\t\t\t\t\t<\/span>\n\t\t\t\t\t<\/a>\n\t\t\t\t\t\t\t\t<\/div>\n\t\t\t\t<\/div>\n\t\t\t\t<\/div>\n\t\t\t\t<\/div>\n\t\t\t\t<\/div>\n\t\t\t\t<\/div>\n\t\t","protected":false},"excerpt":{"rendered":"<p>\u00a0 Installez-vous sous la lampe et le cerisier&#8230; &#8230; et laissez-vous porter par le dialogue entre votre monde int\u00e9rieur et [&hellip;]<\/p>\n","protected":false},"author":1,"featured_media":0,"parent":0,"menu_order":0,"comment_status":"closed","ping_status":"closed","template":"","meta":{"site-sidebar-layout":"default","site-content-layout":"","ast-site-content-layout":"default","site-content-style":"default","site-sidebar-style":"default","ast-global-header-display":"","ast-banner-title-visibility":"","ast-main-header-display":"","ast-hfb-above-header-display":"","ast-hfb-below-header-display":"","ast-hfb-mobile-header-display":"","site-post-title":"disabled","ast-breadcrumbs-content":"","ast-featured-img":"","footer-sml-layout":"","ast-disable-related-posts":"","theme-transparent-header-meta":"","adv-header-id-meta":"","stick-header-meta":"","header-above-stick-meta":"","header-main-stick-meta":"","header-below-stick-meta":"","astra-migrate-meta-layouts":"default","ast-page-background-enabled":"default","ast-page-background-meta":{"desktop":{"background-color":"var(--ast-global-color-5)","background-image":"","background-repeat":"repeat","background-position":"center center","background-size":"auto","background-attachment":"scroll","background-type":"","background-media":"","overlay-type":"","overlay-color":"","overlay-opacity":"","overlay-gradient":""},"tablet":{"background-color":"","background-image":"","background-repeat":"repeat","background-position":"center center","background-size":"auto","background-attachment":"scroll","background-type":"","background-media":"","overlay-type":"","overlay-color":"","overlay-opacity":"","overlay-gradient":""},"mobile":{"background-color":"","background-image":"","background-repeat":"repeat","background-position":"center center","background-size":"auto","background-attachment":"scroll","background-type":"","background-media":"","overlay-type":"","overlay-color":"","overlay-opacity":"","overlay-gradient":""}},"ast-content-background-meta":{"desktop":{"background-color":"var(--ast-global-color-4)","background-image":"","background-repeat":"repeat","background-position":"center center","background-size":"auto","background-attachment":"scroll","background-type":"","background-media":"","overlay-type":"","overlay-color":"","overlay-opacity":"","overlay-gradient":""},"tablet":{"background-color":"var(--ast-global-color-4)","background-image":"","background-repeat":"repeat","background-position":"center center","background-size":"auto","background-attachment":"scroll","background-type":"","background-media":"","overlay-type":"","overlay-color":"","overlay-opacity":"","overlay-gradient":""},"mobile":{"background-color":"var(--ast-global-color-4)","background-image":"","background-repeat":"repeat","background-position":"center center","background-size":"auto","background-attachment":"scroll","background-type":"","background-media":"","overlay-type":"","overlay-color":"","overlay-opacity":"","overlay-gradient":""}},"footnotes":""},"class_list":["post-35","page","type-page","status-publish","hentry"],"yoast_head":"<!-- This site is optimized with the Yoast SEO plugin v26.8 - https:\/\/yoast.com\/product\/yoast-seo-wordpress\/ -->\n<title>Accueil - La Lampe et le Cerisier<\/title>\n<meta name=\"robots\" content=\"index, follow, max-snippet:-1, max-image-preview:large, max-video-preview:-1\" \/>\n<link rel=\"canonical\" href=\"https:\/\/lalampeetlecerisier.fr\/\" \/>\n<meta property=\"og:locale\" content=\"fr_FR\" \/>\n<meta property=\"og:type\" content=\"article\" \/>\n<meta property=\"og:title\" content=\"Accueil - La Lampe et le Cerisier\" \/>\n<meta property=\"og:description\" content=\"\u00a0 Installez-vous sous la lampe et le cerisier&#8230; &#8230; et laissez-vous porter par le dialogue entre votre monde int\u00e9rieur et [&hellip;]\" \/>\n<meta property=\"og:url\" content=\"https:\/\/lalampeetlecerisier.fr\/\" \/>\n<meta property=\"og:site_name\" content=\"La Lampe et le Cerisier\" \/>\n<meta property=\"article:modified_time\" content=\"2025-12-29T20:32:59+00:00\" \/>\n<meta property=\"og:image\" content=\"https:\/\/lalampeetlecerisier.fr\/wp-content\/uploads\/2025\/12\/lampe-bandeau-1-Copie.jpg\" \/>\n\t<meta property=\"og:image:width\" content=\"885\" \/>\n\t<meta property=\"og:image:height\" content=\"316\" \/>\n\t<meta property=\"og:image:type\" content=\"image\/jpeg\" \/>\n<meta name=\"twitter:card\" content=\"summary_large_image\" \/>\n<meta name=\"twitter:label1\" content=\"Dur\u00e9e de lecture estim\u00e9e\" \/>\n\t<meta name=\"twitter:data1\" content=\"2 minutes\" \/>\n<script type=\"application\/ld+json\" class=\"yoast-schema-graph\">{\"@context\":\"https:\/\/schema.org\",\"@graph\":[{\"@type\":\"WebPage\",\"@id\":\"https:\/\/lalampeetlecerisier.fr\/\",\"url\":\"https:\/\/lalampeetlecerisier.fr\/\",\"name\":\"Accueil - La Lampe et le Cerisier\",\"isPartOf\":{\"@id\":\"https:\/\/lalampeetlecerisier.fr\/#website\"},\"primaryImageOfPage\":{\"@id\":\"https:\/\/lalampeetlecerisier.fr\/#primaryimage\"},\"image\":{\"@id\":\"https:\/\/lalampeetlecerisier.fr\/#primaryimage\"},\"thumbnailUrl\":\"https:\/\/lalampeetlecerisier.fr\/wp-content\/uploads\/2025\/12\/lampe-bandeau-1-Copie.jpg\",\"datePublished\":\"2025-11-27T22:21:26+00:00\",\"dateModified\":\"2025-12-29T20:32:59+00:00\",\"breadcrumb\":{\"@id\":\"https:\/\/lalampeetlecerisier.fr\/#breadcrumb\"},\"inLanguage\":\"fr-FR\",\"potentialAction\":[{\"@type\":\"ReadAction\",\"target\":[\"https:\/\/lalampeetlecerisier.fr\/\"]}]},{\"@type\":\"ImageObject\",\"inLanguage\":\"fr-FR\",\"@id\":\"https:\/\/lalampeetlecerisier.fr\/#primaryimage\",\"url\":\"https:\/\/lalampeetlecerisier.fr\/wp-content\/uploads\/2025\/12\/lampe-bandeau-1-Copie.jpg\",\"contentUrl\":\"https:\/\/lalampeetlecerisier.fr\/wp-content\/uploads\/2025\/12\/lampe-bandeau-1-Copie.jpg\",\"width\":885,\"height\":316},{\"@type\":\"BreadcrumbList\",\"@id\":\"https:\/\/lalampeetlecerisier.fr\/#breadcrumb\",\"itemListElement\":[{\"@type\":\"ListItem\",\"position\":1,\"name\":\"Accueil\",\"item\":\"https:\/\/lalampeetlecerisier.fr\/\"},{\"@type\":\"ListItem\",\"position\":2,\"name\":\"Accueil\"}]},{\"@type\":\"WebSite\",\"@id\":\"https:\/\/lalampeetlecerisier.fr\/#website\",\"url\":\"https:\/\/lalampeetlecerisier.fr\/\",\"name\":\"La Lampe et le Cerisier\",\"description\":\"Pr\u00e9sence \u00e0 la vie : monde int\u00e9rieur, monde ext\u00e9rieur\",\"publisher\":{\"@id\":\"https:\/\/lalampeetlecerisier.fr\/#organization\"},\"potentialAction\":[{\"@type\":\"SearchAction\",\"target\":{\"@type\":\"EntryPoint\",\"urlTemplate\":\"https:\/\/lalampeetlecerisier.fr\/?s={search_term_string}\"},\"query-input\":{\"@type\":\"PropertyValueSpecification\",\"valueRequired\":true,\"valueName\":\"search_term_string\"}}],\"inLanguage\":\"fr-FR\"},{\"@type\":\"Organization\",\"@id\":\"https:\/\/lalampeetlecerisier.fr\/#organization\",\"name\":\"La Lampe et le Cerisier\",\"url\":\"https:\/\/lalampeetlecerisier.fr\/\",\"logo\":{\"@type\":\"ImageObject\",\"inLanguage\":\"fr-FR\",\"@id\":\"https:\/\/lalampeetlecerisier.fr\/#\/schema\/logo\/image\/\",\"url\":\"https:\/\/lalampeetlecerisier.fr\/wp-content\/uploads\/2025\/11\/cropped-cropped-lampe-bichrome.jpg\",\"contentUrl\":\"https:\/\/lalampeetlecerisier.fr\/wp-content\/uploads\/2025\/11\/cropped-cropped-lampe-bichrome.jpg\",\"width\":512,\"height\":495,\"caption\":\"La Lampe et le Cerisier\"},\"image\":{\"@id\":\"https:\/\/lalampeetlecerisier.fr\/#\/schema\/logo\/image\/\"}}]}<\/script>\n<!-- \/ Yoast SEO plugin. -->","yoast_head_json":{"title":"Accueil - La Lampe et le Cerisier","robots":{"index":"index","follow":"follow","max-snippet":"max-snippet:-1","max-image-preview":"max-image-preview:large","max-video-preview":"max-video-preview:-1"},"canonical":"https:\/\/lalampeetlecerisier.fr\/","og_locale":"fr_FR","og_type":"article","og_title":"Accueil - La Lampe et le Cerisier","og_description":"\u00a0 Installez-vous sous la lampe et le cerisier&#8230; &#8230; et laissez-vous porter par le dialogue entre votre monde int\u00e9rieur et [&hellip;]","og_url":"https:\/\/lalampeetlecerisier.fr\/","og_site_name":"La Lampe et le Cerisier","article_modified_time":"2025-12-29T20:32:59+00:00","og_image":[{"width":885,"height":316,"url":"https:\/\/lalampeetlecerisier.fr\/wp-content\/uploads\/2025\/12\/lampe-bandeau-1-Copie.jpg","type":"image\/jpeg"}],"twitter_card":"summary_large_image","twitter_misc":{"Dur\u00e9e de lecture estim\u00e9e":"2 minutes"},"schema":{"@context":"https:\/\/schema.org","@graph":[{"@type":"WebPage","@id":"https:\/\/lalampeetlecerisier.fr\/","url":"https:\/\/lalampeetlecerisier.fr\/","name":"Accueil - La Lampe et le Cerisier","isPartOf":{"@id":"https:\/\/lalampeetlecerisier.fr\/#website"},"primaryImageOfPage":{"@id":"https:\/\/lalampeetlecerisier.fr\/#primaryimage"},"image":{"@id":"https:\/\/lalampeetlecerisier.fr\/#primaryimage"},"thumbnailUrl":"https:\/\/lalampeetlecerisier.fr\/wp-content\/uploads\/2025\/12\/lampe-bandeau-1-Copie.jpg","datePublished":"2025-11-27T22:21:26+00:00","dateModified":"2025-12-29T20:32:59+00:00","breadcrumb":{"@id":"https:\/\/lalampeetlecerisier.fr\/#breadcrumb"},"inLanguage":"fr-FR","potentialAction":[{"@type":"ReadAction","target":["https:\/\/lalampeetlecerisier.fr\/"]}]},{"@type":"ImageObject","inLanguage":"fr-FR","@id":"https:\/\/lalampeetlecerisier.fr\/#primaryimage","url":"https:\/\/lalampeetlecerisier.fr\/wp-content\/uploads\/2025\/12\/lampe-bandeau-1-Copie.jpg","contentUrl":"https:\/\/lalampeetlecerisier.fr\/wp-content\/uploads\/2025\/12\/lampe-bandeau-1-Copie.jpg","width":885,"height":316},{"@type":"BreadcrumbList","@id":"https:\/\/lalampeetlecerisier.fr\/#breadcrumb","itemListElement":[{"@type":"ListItem","position":1,"name":"Accueil","item":"https:\/\/lalampeetlecerisier.fr\/"},{"@type":"ListItem","position":2,"name":"Accueil"}]},{"@type":"WebSite","@id":"https:\/\/lalampeetlecerisier.fr\/#website","url":"https:\/\/lalampeetlecerisier.fr\/","name":"La Lampe et le Cerisier","description":"Pr\u00e9sence \u00e0 la vie : monde int\u00e9rieur, monde ext\u00e9rieur","publisher":{"@id":"https:\/\/lalampeetlecerisier.fr\/#organization"},"potentialAction":[{"@type":"SearchAction","target":{"@type":"EntryPoint","urlTemplate":"https:\/\/lalampeetlecerisier.fr\/?s={search_term_string}"},"query-input":{"@type":"PropertyValueSpecification","valueRequired":true,"valueName":"search_term_string"}}],"inLanguage":"fr-FR"},{"@type":"Organization","@id":"https:\/\/lalampeetlecerisier.fr\/#organization","name":"La Lampe et le Cerisier","url":"https:\/\/lalampeetlecerisier.fr\/","logo":{"@type":"ImageObject","inLanguage":"fr-FR","@id":"https:\/\/lalampeetlecerisier.fr\/#\/schema\/logo\/image\/","url":"https:\/\/lalampeetlecerisier.fr\/wp-content\/uploads\/2025\/11\/cropped-cropped-lampe-bichrome.jpg","contentUrl":"https:\/\/lalampeetlecerisier.fr\/wp-content\/uploads\/2025\/11\/cropped-cropped-lampe-bichrome.jpg","width":512,"height":495,"caption":"La Lampe et le Cerisier"},"image":{"@id":"https:\/\/lalampeetlecerisier.fr\/#\/schema\/logo\/image\/"}}]}},"_links":{"self":[{"href":"https:\/\/lalampeetlecerisier.fr\/index.php?rest_route=\/wp\/v2\/pages\/35","targetHints":{"allow":["GET"]}}],"collection":[{"href":"https:\/\/lalampeetlecerisier.fr\/index.php?rest_route=\/wp\/v2\/pages"}],"about":[{"href":"https:\/\/lalampeetlecerisier.fr\/index.php?rest_route=\/wp\/v2\/types\/page"}],"author":[{"embeddable":true,"href":"https:\/\/lalampeetlecerisier.fr\/index.php?rest_route=\/wp\/v2\/users\/1"}],"replies":[{"embeddable":true,"href":"https:\/\/lalampeetlecerisier.fr\/index.php?rest_route=%2Fwp%2Fv2%2Fcomments&post=35"}],"version-history":[{"count":144,"href":"https:\/\/lalampeetlecerisier.fr\/index.php?rest_route=\/wp\/v2\/pages\/35\/revisions"}],"predecessor-version":[{"id":420,"href":"https:\/\/lalampeetlecerisier.fr\/index.php?rest_route=\/wp\/v2\/pages\/35\/revisions\/420"}],"wp:attachment":[{"href":"https:\/\/lalampeetlecerisier.fr\/index.php?rest_route=%2Fwp%2Fv2%2Fmedia&parent=35"}],"curies":[{"name":"wp","href":"https:\/\/api.w.org\/{rel}","templated":true}]}}