{"id":40,"date":"2025-11-27T22:29:32","date_gmt":"2025-11-27T22:29:32","guid":{"rendered":"https:\/\/lalampeetlecerisier.fr\/?page_id=40"},"modified":"2025-12-29T20:29:20","modified_gmt":"2025-12-29T20:29:20","slug":"sous-menu-de-test","status":"publish","type":"page","link":"https:\/\/lalampeetlecerisier.fr\/?page_id=40","title":{"rendered":"Les bruits de l&rsquo;Arbre"},"content":{"rendered":"\n<h2 class=\"wp-block-heading\">Titre<\/h2>\n\n\n\n<p>\/dsdsd ceci est un test de texte<\/p>\n\n\n\n<div class=\"wp-block-group alignfull is-layout-constrained wp-block-group-is-layout-constrained\">\n<div class=\"wp-block-cover alignfull is-light\" style=\"margin-top:0;min-height:470px;aspect-ratio:unset;\"><img fetchpriority=\"high\" decoding=\"async\" width=\"914\" height=\"409\" class=\"wp-block-cover__image-background wp-image-47 size-full\" alt=\"\" src=\"https:\/\/lalampeetlecerisier.fr\/wp-content\/uploads\/2025\/11\/lampe-bandeau-1.jpg\" data-object-fit=\"cover\" srcset=\"https:\/\/lalampeetlecerisier.fr\/wp-content\/uploads\/2025\/11\/lampe-bandeau-1.jpg 914w, https:\/\/lalampeetlecerisier.fr\/wp-content\/uploads\/2025\/11\/lampe-bandeau-1-300x134.jpg 300w, https:\/\/lalampeetlecerisier.fr\/wp-content\/uploads\/2025\/11\/lampe-bandeau-1-768x344.jpg 768w\" sizes=\"(max-width: 914px) 100vw, 914px\" \/><span aria-hidden=\"true\" class=\"wp-block-cover__background has-black-background-color has-background-dim-0 has-background-dim\"><\/span><div class=\"wp-block-cover__inner-container is-layout-flow wp-block-cover-is-layout-flow\">\n<div style=\"height:50px\" aria-hidden=\"true\" class=\"wp-block-spacer\"><\/div>\n<\/div><\/div>\n\n\n\n<div class=\"wp-block-group alignfull is-content-justification-space-between is-layout-flex wp-container-core-group-is-layout-a4f0df5d wp-block-group-is-layout-flex\" style=\"padding-top:var(--wp--preset--spacing--30);padding-right:var(--wp--preset--spacing--30);padding-bottom:var(--wp--preset--spacing--30);padding-left:var(--wp--preset--spacing--30)\">\n<div class=\"wp-block-group is-layout-flex wp-container-core-group-is-layout-7a92790e wp-block-group-is-layout-flex\"><div class=\"is-default-size wp-block-site-logo\"><a href=\"https:\/\/lalampeetlecerisier.fr\/\" class=\"custom-logo-link\" rel=\"home\"><img decoding=\"async\" width=\"512\" height=\"495\" src=\"https:\/\/lalampeetlecerisier.fr\/wp-content\/uploads\/2025\/11\/cropped-cropped-lampe-bichrome-187x181.jpg\" class=\"custom-logo\" alt=\"La Lampe et le Cerisier\" srcset=\"https:\/\/lalampeetlecerisier.fr\/wp-content\/uploads\/2025\/11\/cropped-cropped-lampe-bichrome.jpg 512w, https:\/\/lalampeetlecerisier.fr\/wp-content\/uploads\/2025\/11\/cropped-cropped-lampe-bichrome-300x290.jpg 300w, https:\/\/lalampeetlecerisier.fr\/wp-content\/uploads\/2025\/11\/cropped-cropped-lampe-bichrome-187x181.jpg 187w\" sizes=\"(max-width: 512px) 100vw, 512px\" \/><\/a><\/div>\n\n\n<div class=\"wp-block-group is-vertical is-layout-flex wp-container-core-group-is-layout-30a70405 wp-block-group-is-layout-flex\"><h1 class=\"has-link-color wp-elements-234e57400cf5587740bb7caa261d6fc4 wp-block-site-title has-medium-font-size\"><a href=\"https:\/\/lalampeetlecerisier.fr\" target=\"_self\" rel=\"home\">La Lampe et le Cerisier<\/a><\/h1><\/div>\n<\/div>\n\n\n<nav class=\"is-responsive items-justified-right wp-block-navigation is-content-justification-right is-layout-flex wp-container-core-navigation-is-layout-f665d2b5 wp-block-navigation-is-layout-flex\" aria-label=\"Navigation\" \n\t\t data-wp-interactive=\"core\/navigation\" data-wp-context='{\"overlayOpenedBy\":{\"click\":false,\"hover\":false,\"focus\":false},\"type\":\"overlay\",\"roleAttribute\":\"\",\"ariaLabel\":\"Menu\"}'><button aria-haspopup=\"dialog\" aria-label=\"Ouvrir le menu\" class=\"wp-block-navigation__responsive-container-open\" \n\t\t\t\tdata-wp-on--click=\"actions.openMenuOnClick\"\n\t\t\t\tdata-wp-on--keydown=\"actions.handleMenuKeydown\"\n\t\t\t><svg width=\"24\" height=\"24\" xmlns=\"http:\/\/www.w3.org\/2000\/svg\" viewBox=\"0 0 24 24\" aria-hidden=\"true\" focusable=\"false\"><path d=\"M4 7.5h16v1.5H4z\"><\/path><path d=\"M4 15h16v1.5H4z\"><\/path><\/svg><\/button>\n\t\t\t\t<div class=\"wp-block-navigation__responsive-container\"  id=\"modal-1\" \n\t\t\t\tdata-wp-class--has-modal-open=\"state.isMenuOpen\"\n\t\t\t\tdata-wp-class--is-menu-open=\"state.isMenuOpen\"\n\t\t\t\tdata-wp-watch=\"callbacks.initMenu\"\n\t\t\t\tdata-wp-on--keydown=\"actions.handleMenuKeydown\"\n\t\t\t\tdata-wp-on--focusout=\"actions.handleMenuFocusout\"\n\t\t\t\ttabindex=\"-1\"\n\t\t\t>\n\t\t\t\t\t<div class=\"wp-block-navigation__responsive-close\" tabindex=\"-1\">\n\t\t\t\t\t\t<div class=\"wp-block-navigation__responsive-dialog\" \n\t\t\t\tdata-wp-bind--aria-modal=\"state.ariaModal\"\n\t\t\t\tdata-wp-bind--aria-label=\"state.ariaLabel\"\n\t\t\t\tdata-wp-bind--role=\"state.roleAttribute\"\n\t\t\t>\n\t\t\t\t\t\t\t<button aria-label=\"Fermer le menu\" class=\"wp-block-navigation__responsive-container-close\" \n\t\t\t\tdata-wp-on--click=\"actions.closeMenuOnClick\"\n\t\t\t><svg xmlns=\"http:\/\/www.w3.org\/2000\/svg\" viewBox=\"0 0 24 24\" width=\"24\" height=\"24\" aria-hidden=\"true\" focusable=\"false\"><path d=\"m13.06 12 6.47-6.47-1.06-1.06L12 10.94 5.53 4.47 4.47 5.53 10.94 12l-6.47 6.47 1.06 1.06L12 13.06l6.47 6.47 1.06-1.06L13.06 12Z\"><\/path><\/svg><\/button>\n\t\t\t\t\t\t\t<div class=\"wp-block-navigation__responsive-container-content\" \n\t\t\t\tdata-wp-watch=\"callbacks.focusFirstElement\"\n\t\t\t id=\"modal-1-content\">\n\t\t\t\t\t\t\t\t<ul class=\"wp-block-navigation__container is-responsive items-justified-right wp-block-navigation\"><ul class=\"wp-block-page-list\"><li class=\"wp-block-pages-list__item wp-block-navigation-item open-on-hover-click menu-item-home\"><a class=\"wp-block-pages-list__item__link wp-block-navigation-item__content\" href=\"https:\/\/lalampeetlecerisier.fr\/\">Accueil<\/a><\/li><li class=\"wp-block-pages-list__item wp-block-navigation-item open-on-hover-click\"><a class=\"wp-block-pages-list__item__link wp-block-navigation-item__content\" href=\"https:\/\/lalampeetlecerisier.fr\/?page_id=124\">Articles<\/a><\/li><li class=\"wp-block-pages-list__item wp-block-navigation-item open-on-hover-click\"><a class=\"wp-block-pages-list__item__link wp-block-navigation-item__content\" href=\"https:\/\/lalampeetlecerisier.fr\/?page_id=542\">Contact<\/a><\/li><li class=\"wp-block-pages-list__item wp-block-navigation-item open-on-hover-click\"><a class=\"wp-block-pages-list__item__link wp-block-navigation-item__content\" href=\"https:\/\/lalampeetlecerisier.fr\/?page_id=126\">Le jonc du sourd<\/a><\/li><li class=\"wp-block-pages-list__item wp-block-navigation-item open-on-hover-click\"><a class=\"wp-block-pages-list__item__link wp-block-navigation-item__content\" href=\"https:\/\/lalampeetlecerisier.fr\/?page_id=40\">Les bruits de l&rsquo;Arbre<\/a><\/li><li data-wp-context=\"{ &quot;submenuOpenedBy&quot;: { &quot;click&quot;: false, &quot;hover&quot;: false, &quot;focus&quot;: false }, &quot;type&quot;: &quot;submenu&quot;, &quot;modal&quot;: null, &quot;previousFocus&quot;: null }\" data-wp-interactive=\"core\/navigation\" data-wp-on--focusout=\"actions.handleMenuFocusout\" data-wp-on--keydown=\"actions.handleMenuKeydown\" data-wp-on--mouseenter=\"actions.openMenuOnHover\" data-wp-on--mouseleave=\"actions.closeMenuOnHover\" data-wp-watch=\"callbacks.initMenu\" tabindex=\"-1\" class=\"wp-block-pages-list__item has-child wp-block-navigation-item open-on-hover-click\"><a class=\"wp-block-pages-list__item__link wp-block-navigation-item__content\" href=\"https:\/\/lalampeetlecerisier.fr\/?page_id=115\">M\u00e9ditation guid\u00e9e<\/a><button data-wp-bind--aria-expanded=\"state.isMenuOpen\" data-wp-on--click=\"actions.toggleMenuOnClick\" aria-label=\"Sous-menu M\u00e9ditation guid\u00e9e\" class=\"wp-block-navigation__submenu-icon wp-block-navigation-submenu__toggle\" ><svg xmlns=\"http:\/\/www.w3.org\/2000\/svg\" width=\"12\" height=\"12\" viewBox=\"0 0 12 12\" fill=\"none\" aria-hidden=\"true\" focusable=\"false\"><path d=\"M1.50002 4L6.00002 8L10.5 4\" stroke-width=\"1.5\"><\/path><\/svg><\/button><ul data-wp-on--focus=\"actions.openMenuOnFocus\" class=\"wp-block-navigation__submenu-container\"><li class=\"wp-block-pages-list__item wp-block-navigation-item open-on-hover-click \"><a class=\"wp-block-pages-list__item__link wp-block-navigation-item__content\" href=\"https:\/\/lalampeetlecerisier.fr\/?page_id=121\">Mon parcours<\/a><\/li><li class=\"wp-block-pages-list__item wp-block-navigation-item open-on-hover-click \"><a class=\"wp-block-pages-list__item__link wp-block-navigation-item__content\" href=\"https:\/\/lalampeetlecerisier.fr\/?page_id=408\">Rencontre avec la m\u00e9ditation<\/a><\/li><li class=\"wp-block-pages-list__item wp-block-navigation-item open-on-hover-click \"><a class=\"wp-block-pages-list__item__link wp-block-navigation-item__content\" href=\"https:\/\/lalampeetlecerisier.fr\/?page_id=410\">Comment se d\u00e9roule une s\u00e9ance<\/a><\/li><li class=\"wp-block-pages-list__item wp-block-navigation-item open-on-hover-click \"><a class=\"wp-block-pages-list__item__link wp-block-navigation-item__content\" href=\"https:\/\/lalampeetlecerisier.fr\/?page_id=412\">Aspects pratiques<\/a><\/li><\/ul><\/li><li class=\"wp-block-pages-list__item wp-block-navigation-item open-on-hover-click\"><a class=\"wp-block-pages-list__item__link wp-block-navigation-item__content\" href=\"https:\/\/lalampeetlecerisier.fr\/?page_id=502\">Mentions l\u00e9gales &#8211; Droits d&rsquo;auteur &#8211; Politique de confidentialit\u00e9<\/a><\/li><\/ul><\/ul>\n\t\t\t\t\t\t\t<\/div>\n\t\t\t\t\t\t<\/div>\n\t\t\t\t\t<\/div>\n\t\t\t\t<\/div><\/nav><\/div>\n<\/div>\n","protected":false},"excerpt":{"rendered":"<p>Titre \/dsdsd ceci est un test de texte<\/p>\n","protected":false},"author":1,"featured_media":0,"parent":0,"menu_order":0,"comment_status":"closed","ping_status":"closed","template":"","meta":{"site-sidebar-layout":"default","site-content-layout":"","ast-site-content-layout":"default","site-content-style":"default","site-sidebar-style":"default","ast-global-header-display":"","ast-banner-title-visibility":"","ast-main-header-display":"","ast-hfb-above-header-display":"","ast-hfb-below-header-display":"","ast-hfb-mobile-header-display":"","site-post-title":"","ast-breadcrumbs-content":"","ast-featured-img":"","footer-sml-layout":"","ast-disable-related-posts":"","theme-transparent-header-meta":"","adv-header-id-meta":"","stick-header-meta":"","header-above-stick-meta":"","header-main-stick-meta":"","header-below-stick-meta":"","astra-migrate-meta-layouts":"default","ast-page-background-enabled":"default","ast-page-background-meta":{"desktop":{"background-color":"var(--ast-global-color-5)","background-image":"","background-repeat":"repeat","background-position":"center center","background-size":"auto","background-attachment":"scroll","background-type":"","background-media":"","overlay-type":"","overlay-color":"","overlay-opacity":"","overlay-gradient":""},"tablet":{"background-color":"","background-image":"","background-repeat":"repeat","background-position":"center center","background-size":"auto","background-attachment":"scroll","background-type":"","background-media":"","overlay-type":"","overlay-color":"","overlay-opacity":"","overlay-gradient":""},"mobile":{"background-color":"","background-image":"","background-repeat":"repeat","background-position":"center center","background-size":"auto","background-attachment":"scroll","background-type":"","background-media":"","overlay-type":"","overlay-color":"","overlay-opacity":"","overlay-gradient":""}},"ast-content-background-meta":{"desktop":{"background-color":"var(--ast-global-color-4)","background-image":"","background-repeat":"repeat","background-position":"center center","background-size":"auto","background-attachment":"scroll","background-type":"","background-media":"","overlay-type":"","overlay-color":"","overlay-opacity":"","overlay-gradient":""},"tablet":{"background-color":"var(--ast-global-color-4)","background-image":"","background-repeat":"repeat","background-position":"center center","background-size":"auto","background-attachment":"scroll","background-type":"","background-media":"","overlay-type":"","overlay-color":"","overlay-opacity":"","overlay-gradient":""},"mobile":{"background-color":"var(--ast-global-color-4)","background-image":"","background-repeat":"repeat","background-position":"center center","background-size":"auto","background-attachment":"scroll","background-type":"","background-media":"","overlay-type":"","overlay-color":"","overlay-opacity":"","overlay-gradient":""}},"footnotes":""},"class_list":["post-40","page","type-page","status-publish","hentry"],"yoast_head":"<!-- This site is optimized with the Yoast SEO plugin v26.8 - https:\/\/yoast.com\/product\/yoast-seo-wordpress\/ -->\n<title>Les bruits de l&#039;Arbre - La Lampe et le Cerisier<\/title>\n<meta name=\"robots\" content=\"index, follow, max-snippet:-1, max-image-preview:large, max-video-preview:-1\" \/>\n<link rel=\"canonical\" href=\"https:\/\/lalampeetlecerisier.fr\/?page_id=40\" \/>\n<meta property=\"og:locale\" content=\"fr_FR\" \/>\n<meta property=\"og:type\" content=\"article\" \/>\n<meta property=\"og:title\" content=\"Les bruits de l&#039;Arbre - La Lampe et le Cerisier\" \/>\n<meta property=\"og:description\" content=\"Titre \/dsdsd ceci est un test de texte\" \/>\n<meta property=\"og:url\" content=\"https:\/\/lalampeetlecerisier.fr\/?page_id=40\" \/>\n<meta property=\"og:site_name\" content=\"La Lampe et le Cerisier\" \/>\n<meta property=\"article:modified_time\" content=\"2025-12-29T20:29:20+00:00\" \/>\n<meta property=\"og:image\" content=\"https:\/\/lalampeetlecerisier.fr\/wp-content\/uploads\/2025\/11\/lampe-bandeau-1.jpg\" \/>\n\t<meta property=\"og:image:width\" content=\"914\" \/>\n\t<meta property=\"og:image:height\" content=\"409\" \/>\n\t<meta property=\"og:image:type\" content=\"image\/jpeg\" \/>\n<meta name=\"twitter:card\" content=\"summary_large_image\" \/>\n<script type=\"application\/ld+json\" class=\"yoast-schema-graph\">{\"@context\":\"https:\/\/schema.org\",\"@graph\":[{\"@type\":\"WebPage\",\"@id\":\"https:\/\/lalampeetlecerisier.fr\/?page_id=40\",\"url\":\"https:\/\/lalampeetlecerisier.fr\/?page_id=40\",\"name\":\"Les bruits de l'Arbre - La Lampe et le Cerisier\",\"isPartOf\":{\"@id\":\"https:\/\/lalampeetlecerisier.fr\/#website\"},\"primaryImageOfPage\":{\"@id\":\"https:\/\/lalampeetlecerisier.fr\/?page_id=40#primaryimage\"},\"image\":{\"@id\":\"https:\/\/lalampeetlecerisier.fr\/?page_id=40#primaryimage\"},\"thumbnailUrl\":\"https:\/\/lalampeetlecerisier.fr\/wp-content\/uploads\/2025\/11\/lampe-bandeau-1.jpg\",\"datePublished\":\"2025-11-27T22:29:32+00:00\",\"dateModified\":\"2025-12-29T20:29:20+00:00\",\"breadcrumb\":{\"@id\":\"https:\/\/lalampeetlecerisier.fr\/?page_id=40#breadcrumb\"},\"inLanguage\":\"fr-FR\",\"potentialAction\":[{\"@type\":\"ReadAction\",\"target\":[\"https:\/\/lalampeetlecerisier.fr\/?page_id=40\"]}]},{\"@type\":\"ImageObject\",\"inLanguage\":\"fr-FR\",\"@id\":\"https:\/\/lalampeetlecerisier.fr\/?page_id=40#primaryimage\",\"url\":\"https:\/\/lalampeetlecerisier.fr\/wp-content\/uploads\/2025\/11\/lampe-bandeau-1.jpg\",\"contentUrl\":\"https:\/\/lalampeetlecerisier.fr\/wp-content\/uploads\/2025\/11\/lampe-bandeau-1.jpg\",\"width\":914,\"height\":409},{\"@type\":\"BreadcrumbList\",\"@id\":\"https:\/\/lalampeetlecerisier.fr\/?page_id=40#breadcrumb\",\"itemListElement\":[{\"@type\":\"ListItem\",\"position\":1,\"name\":\"Accueil\",\"item\":\"https:\/\/lalampeetlecerisier.fr\/\"},{\"@type\":\"ListItem\",\"position\":2,\"name\":\"Les bruits de l&rsquo;Arbre\"}]},{\"@type\":\"WebSite\",\"@id\":\"https:\/\/lalampeetlecerisier.fr\/#website\",\"url\":\"https:\/\/lalampeetlecerisier.fr\/\",\"name\":\"La Lampe et le Cerisier\",\"description\":\"Pr\u00e9sence \u00e0 la vie : monde int\u00e9rieur, monde ext\u00e9rieur\",\"publisher\":{\"@id\":\"https:\/\/lalampeetlecerisier.fr\/#organization\"},\"potentialAction\":[{\"@type\":\"SearchAction\",\"target\":{\"@type\":\"EntryPoint\",\"urlTemplate\":\"https:\/\/lalampeetlecerisier.fr\/?s={search_term_string}\"},\"query-input\":{\"@type\":\"PropertyValueSpecification\",\"valueRequired\":true,\"valueName\":\"search_term_string\"}}],\"inLanguage\":\"fr-FR\"},{\"@type\":\"Organization\",\"@id\":\"https:\/\/lalampeetlecerisier.fr\/#organization\",\"name\":\"La Lampe et le Cerisier\",\"url\":\"https:\/\/lalampeetlecerisier.fr\/\",\"logo\":{\"@type\":\"ImageObject\",\"inLanguage\":\"fr-FR\",\"@id\":\"https:\/\/lalampeetlecerisier.fr\/#\/schema\/logo\/image\/\",\"url\":\"https:\/\/lalampeetlecerisier.fr\/wp-content\/uploads\/2025\/11\/cropped-cropped-lampe-bichrome.jpg\",\"contentUrl\":\"https:\/\/lalampeetlecerisier.fr\/wp-content\/uploads\/2025\/11\/cropped-cropped-lampe-bichrome.jpg\",\"width\":512,\"height\":495,\"caption\":\"La Lampe et le Cerisier\"},\"image\":{\"@id\":\"https:\/\/lalampeetlecerisier.fr\/#\/schema\/logo\/image\/\"}}]}<\/script>\n<!-- \/ Yoast SEO plugin. -->","yoast_head_json":{"title":"Les bruits de l'Arbre - La Lampe et le Cerisier","robots":{"index":"index","follow":"follow","max-snippet":"max-snippet:-1","max-image-preview":"max-image-preview:large","max-video-preview":"max-video-preview:-1"},"canonical":"https:\/\/lalampeetlecerisier.fr\/?page_id=40","og_locale":"fr_FR","og_type":"article","og_title":"Les bruits de l'Arbre - La Lampe et le Cerisier","og_description":"Titre \/dsdsd ceci est un test de texte","og_url":"https:\/\/lalampeetlecerisier.fr\/?page_id=40","og_site_name":"La Lampe et le Cerisier","article_modified_time":"2025-12-29T20:29:20+00:00","og_image":[{"width":914,"height":409,"url":"https:\/\/lalampeetlecerisier.fr\/wp-content\/uploads\/2025\/11\/lampe-bandeau-1.jpg","type":"image\/jpeg"}],"twitter_card":"summary_large_image","schema":{"@context":"https:\/\/schema.org","@graph":[{"@type":"WebPage","@id":"https:\/\/lalampeetlecerisier.fr\/?page_id=40","url":"https:\/\/lalampeetlecerisier.fr\/?page_id=40","name":"Les bruits de l'Arbre - La Lampe et le Cerisier","isPartOf":{"@id":"https:\/\/lalampeetlecerisier.fr\/#website"},"primaryImageOfPage":{"@id":"https:\/\/lalampeetlecerisier.fr\/?page_id=40#primaryimage"},"image":{"@id":"https:\/\/lalampeetlecerisier.fr\/?page_id=40#primaryimage"},"thumbnailUrl":"https:\/\/lalampeetlecerisier.fr\/wp-content\/uploads\/2025\/11\/lampe-bandeau-1.jpg","datePublished":"2025-11-27T22:29:32+00:00","dateModified":"2025-12-29T20:29:20+00:00","breadcrumb":{"@id":"https:\/\/lalampeetlecerisier.fr\/?page_id=40#breadcrumb"},"inLanguage":"fr-FR","potentialAction":[{"@type":"ReadAction","target":["https:\/\/lalampeetlecerisier.fr\/?page_id=40"]}]},{"@type":"ImageObject","inLanguage":"fr-FR","@id":"https:\/\/lalampeetlecerisier.fr\/?page_id=40#primaryimage","url":"https:\/\/lalampeetlecerisier.fr\/wp-content\/uploads\/2025\/11\/lampe-bandeau-1.jpg","contentUrl":"https:\/\/lalampeetlecerisier.fr\/wp-content\/uploads\/2025\/11\/lampe-bandeau-1.jpg","width":914,"height":409},{"@type":"BreadcrumbList","@id":"https:\/\/lalampeetlecerisier.fr\/?page_id=40#breadcrumb","itemListElement":[{"@type":"ListItem","position":1,"name":"Accueil","item":"https:\/\/lalampeetlecerisier.fr\/"},{"@type":"ListItem","position":2,"name":"Les bruits de l&rsquo;Arbre"}]},{"@type":"WebSite","@id":"https:\/\/lalampeetlecerisier.fr\/#website","url":"https:\/\/lalampeetlecerisier.fr\/","name":"La Lampe et le Cerisier","description":"Pr\u00e9sence \u00e0 la vie : monde int\u00e9rieur, monde ext\u00e9rieur","publisher":{"@id":"https:\/\/lalampeetlecerisier.fr\/#organization"},"potentialAction":[{"@type":"SearchAction","target":{"@type":"EntryPoint","urlTemplate":"https:\/\/lalampeetlecerisier.fr\/?s={search_term_string}"},"query-input":{"@type":"PropertyValueSpecification","valueRequired":true,"valueName":"search_term_string"}}],"inLanguage":"fr-FR"},{"@type":"Organization","@id":"https:\/\/lalampeetlecerisier.fr\/#organization","name":"La Lampe et le Cerisier","url":"https:\/\/lalampeetlecerisier.fr\/","logo":{"@type":"ImageObject","inLanguage":"fr-FR","@id":"https:\/\/lalampeetlecerisier.fr\/#\/schema\/logo\/image\/","url":"https:\/\/lalampeetlecerisier.fr\/wp-content\/uploads\/2025\/11\/cropped-cropped-lampe-bichrome.jpg","contentUrl":"https:\/\/lalampeetlecerisier.fr\/wp-content\/uploads\/2025\/11\/cropped-cropped-lampe-bichrome.jpg","width":512,"height":495,"caption":"La Lampe et le Cerisier"},"image":{"@id":"https:\/\/lalampeetlecerisier.fr\/#\/schema\/logo\/image\/"}}]}},"_links":{"self":[{"href":"https:\/\/lalampeetlecerisier.fr\/index.php?rest_route=\/wp\/v2\/pages\/40","targetHints":{"allow":["GET"]}}],"collection":[{"href":"https:\/\/lalampeetlecerisier.fr\/index.php?rest_route=\/wp\/v2\/pages"}],"about":[{"href":"https:\/\/lalampeetlecerisier.fr\/index.php?rest_route=\/wp\/v2\/types\/page"}],"author":[{"embeddable":true,"href":"https:\/\/lalampeetlecerisier.fr\/index.php?rest_route=\/wp\/v2\/users\/1"}],"replies":[{"embeddable":true,"href":"https:\/\/lalampeetlecerisier.fr\/index.php?rest_route=%2Fwp%2Fv2%2Fcomments&post=40"}],"version-history":[{"count":6,"href":"https:\/\/lalampeetlecerisier.fr\/index.php?rest_route=\/wp\/v2\/pages\/40\/revisions"}],"predecessor-version":[{"id":354,"href":"https:\/\/lalampeetlecerisier.fr\/index.php?rest_route=\/wp\/v2\/pages\/40\/revisions\/354"}],"wp:attachment":[{"href":"https:\/\/lalampeetlecerisier.fr\/index.php?rest_route=%2Fwp%2Fv2%2Fmedia&parent=40"}],"curies":[{"name":"wp","href":"https:\/\/api.w.org\/{rel}","templated":true}]}}