{"id":542,"date":"2026-01-07T19:10:13","date_gmt":"2026-01-07T19:10:13","guid":{"rendered":"https:\/\/lalampeetlecerisier.fr\/?page_id=542"},"modified":"2026-01-08T06:30:17","modified_gmt":"2026-01-08T06:30:17","slug":"contact","status":"publish","type":"page","link":"https:\/\/lalampeetlecerisier.fr\/?page_id=542","title":{"rendered":"Contact"},"content":{"rendered":"\n<h2 class=\"wp-block-heading\">Me contacter :<\/h2>\n\n\n\n<p><em>N\u2019h\u00e9sitez pas \u00e0 m\u2019\u00e9crire si vous souhaitez \u00e9changer ou poser une question<\/em><\/p>\n\n\n<style id=\"wpforms-css-vars-544-block-59664dd2-6f0d-4321-935b-7ce0264d5c9d\">\n\t\t\t\t#wpforms-544.wpforms-block-59664dd2-6f0d-4321-935b-7ce0264d5c9d {\n\t\t\t\t--wpforms-field-size-input-height: 43px;\n--wpforms-field-size-input-spacing: 15px;\n--wpforms-field-size-font-size: 16px;\n--wpforms-field-size-line-height: 19px;\n--wpforms-field-size-padding-h: 14px;\n--wpforms-field-size-checkbox-size: 16px;\n--wpforms-field-size-sublabel-spacing: 5px;\n--wpforms-field-size-icon-size: 1;\n--wpforms-label-size-font-size: 16px;\n--wpforms-label-size-line-height: 19px;\n--wpforms-label-size-sublabel-font-size: 14px;\n--wpforms-label-size-sublabel-line-height: 17px;\n--wpforms-button-size-font-size: 17px;\n--wpforms-button-size-height: 41px;\n--wpforms-button-size-padding-h: 15px;\n--wpforms-button-size-margin-top: 10px;\n\t\t\t}\n\t\t\t<\/style><div class=\"wpforms-container wpforms-container-full wpforms-block wpforms-block-59664dd2-6f0d-4321-935b-7ce0264d5c9d wpforms-render-modern\" id=\"wpforms-544\"><form id=\"wpforms-form-544\" class=\"wpforms-validate wpforms-form wpforms-ajax-form\" data-formid=\"544\" method=\"post\" enctype=\"multipart\/form-data\" action=\"\/index.php?rest_route=%2Fwp%2Fv2%2Fpages%2F542\" data-token=\"c078d938e80a4450f302036b57b9184c\" data-token-time=\"1775570610\"><noscript class=\"wpforms-error-noscript\">Veuillez activer JavaScript dans votre navigateur pour remplir ce formulaire.<\/noscript><div id=\"wpforms-error-noscript\" style=\"display: none;\">Veuillez activer JavaScript dans votre navigateur pour remplir ce formulaire.<\/div><div class=\"wpforms-field-container\"><div id=\"wpforms-544-field_1-container\" class=\"wpforms-field wpforms-field-name\" data-field-id=\"1\"><fieldset><legend class=\"wpforms-field-label\">Nom <span class=\"wpforms-required-label\" aria-hidden=\"true\">*<\/span><\/legend><div class=\"wpforms-field-row wpforms-field-medium\"><div class=\"wpforms-field-row-block wpforms-first wpforms-one-half\"><input type=\"text\" id=\"wpforms-544-field_1\" class=\"wpforms-field-name-first wpforms-field-required\" name=\"wpforms[fields][1][first]\" aria-errormessage=\"wpforms-544-field_1-error\" required><label for=\"wpforms-544-field_1\" class=\"wpforms-field-sublabel after\">Pr\u00e9nom<\/label><\/div><div class=\"wpforms-field-row-block wpforms-one-half\"><input type=\"text\" id=\"wpforms-544-field_1-last\" class=\"wpforms-field-name-last wpforms-field-required\" name=\"wpforms[fields][1][last]\" aria-errormessage=\"wpforms-544-field_1-last-error\" required><label for=\"wpforms-544-field_1-last\" class=\"wpforms-field-sublabel after\">Nom<\/label><\/div><\/div><\/fieldset><\/div><div id=\"wpforms-544-field_2-container\" class=\"wpforms-field wpforms-field-email\" data-field-id=\"2\"><label class=\"wpforms-field-label\" for=\"wpforms-544-field_2\">E-mail <span class=\"wpforms-required-label\" aria-hidden=\"true\">*<\/span><\/label><input type=\"email\" id=\"wpforms-544-field_2\" class=\"wpforms-field-medium wpforms-field-required\" name=\"wpforms[fields][2]\" spellcheck=\"false\" aria-errormessage=\"wpforms-544-field_2-error\" required><\/div><div id=\"wpforms-544-field_3-container\" class=\"wpforms-field wpforms-field-textarea\" data-field-id=\"3\"><label class=\"wpforms-field-label\" for=\"wpforms-544-field_3\">Commentaire ou message <span class=\"wpforms-required-label\" aria-hidden=\"true\">*<\/span><\/label><textarea id=\"wpforms-544-field_3\" class=\"wpforms-field-medium wpforms-field-required\" name=\"wpforms[fields][3]\" aria-errormessage=\"wpforms-544-field_3-error\" required><\/textarea><\/div>\t\t<div id=\"wpforms-544-field_5-container\"\n\t\t\tclass=\"wpforms-field wpforms-field-text\"\n\t\t\tdata-field-type=\"text\"\n\t\t\tdata-field-id=\"5\"\n\t\t\t>\n\t\t\t<label class=\"wpforms-field-label\" for=\"wpforms-544-field_5\" >Nom RGPD Commentaire<\/label>\n\t\t\t<input type=\"text\" id=\"wpforms-544-field_5\" class=\"wpforms-field-medium\" name=\"wpforms[fields][5]\" >\n\t\t<\/div>\n\t\t<div id=\"wpforms-544-field_4-container\" class=\"wpforms-field wpforms-field-gdpr-checkbox\" data-field-id=\"4\"><label class=\"wpforms-field-label\">Accord RGPD <span class=\"wpforms-required-label\" aria-hidden=\"true\">*<\/span><\/label><ul id=\"wpforms-544-field_4\" class=\"wpforms-field-required\"><li class=\"choice-1\"><input type=\"checkbox\" id=\"wpforms-544-field_4_1\" name=\"wpforms[fields][4][]\" value=\"Les informations transmises sont utilis\u00e9es uniquement pour r\u00e9pondre \u00e0 votre message\" aria-errormessage=\"wpforms-544-field_4_1-error\" required ><label class=\"wpforms-field-label-inline\" for=\"wpforms-544-field_4_1\">Les informations transmises sont utilis\u00e9es uniquement pour r\u00e9pondre \u00e0 votre message<\/label><\/li><\/ul><\/div><script>\n\t\t\t\t( function() {\n\t\t\t\t\tconst style = document.createElement( 'style' );\n\t\t\t\t\tstyle.appendChild( document.createTextNode( '#wpforms-544-field_5-container { position: absolute !important; overflow: hidden !important; display: inline !important; height: 1px !important; width: 1px !important; z-index: -1000 !important; padding: 0 !important; } #wpforms-544-field_5-container input { visibility: hidden; } #wpforms-conversational-form-page #wpforms-544-field_5-container label { counter-increment: none; }' ) );\n\t\t\t\t\tdocument.head.appendChild( style );\n\t\t\t\t\tdocument.currentScript?.remove();\n\t\t\t\t} )();\n\t\t\t<\/script><\/div><!-- .wpforms-field-container --><div class=\"wpforms-submit-container\" ><input type=\"hidden\" name=\"wpforms[id]\" value=\"544\"><input type=\"hidden\" name=\"page_title\" value=\"\"><input type=\"hidden\" name=\"page_url\" value=\"https:\/\/lalampeetlecerisier.fr\/index.php?rest_route=\/wp\/v2\/pages\/542\"><input type=\"hidden\" name=\"url_referer\" value=\"\"><button type=\"submit\" name=\"wpforms[submit]\" id=\"wpforms-submit-544\" class=\"wpforms-submit\" data-alt-text=\"Envoi...\" data-submit-text=\"Envoyer\" aria-live=\"assertive\" value=\"wpforms-submit\">Envoyer<\/button><img decoding=\"async\" src=\"https:\/\/lalampeetlecerisier.fr\/wp-content\/plugins\/wpforms-lite\/assets\/images\/submit-spin.svg\" class=\"wpforms-submit-spinner\" style=\"display: none;\" width=\"26\" height=\"26\" alt=\"Chargement en cours\"><\/div><\/form><\/div>  <!-- .wpforms-container -->","protected":false},"excerpt":{"rendered":"<p>Me contacter : N\u2019h\u00e9sitez pas \u00e0 m\u2019\u00e9crire si vous souhaitez \u00e9changer ou poser une question<\/p>\n","protected":false},"author":1,"featured_media":0,"parent":0,"menu_order":0,"comment_status":"closed","ping_status":"closed","template":"","meta":{"site-sidebar-layout":"default","site-content-layout":"","ast-site-content-layout":"default","site-content-style":"default","site-sidebar-style":"default","ast-global-header-display":"","ast-banner-title-visibility":"","ast-main-header-display":"","ast-hfb-above-header-display":"","ast-hfb-below-header-display":"","ast-hfb-mobile-header-display":"","site-post-title":"disabled","ast-breadcrumbs-content":"","ast-featured-img":"","footer-sml-layout":"","ast-disable-related-posts":"","theme-transparent-header-meta":"","adv-header-id-meta":"","stick-header-meta":"","header-above-stick-meta":"","header-main-stick-meta":"","header-below-stick-meta":"","astra-migrate-meta-layouts":"default","ast-page-background-enabled":"default","ast-page-background-meta":{"desktop":{"background-color":"var(--ast-global-color-5)","background-image":"","background-repeat":"repeat","background-position":"center center","background-size":"auto","background-attachment":"scroll","background-type":"","background-media":"","overlay-type":"","overlay-color":"","overlay-opacity":"","overlay-gradient":""},"tablet":{"background-color":"","background-image":"","background-repeat":"repeat","background-position":"center center","background-size":"auto","background-attachment":"scroll","background-type":"","background-media":"","overlay-type":"","overlay-color":"","overlay-opacity":"","overlay-gradient":""},"mobile":{"background-color":"","background-image":"","background-repeat":"repeat","background-position":"center center","background-size":"auto","background-attachment":"scroll","background-type":"","background-media":"","overlay-type":"","overlay-color":"","overlay-opacity":"","overlay-gradient":""}},"ast-content-background-meta":{"desktop":{"background-color":"var(--ast-global-color-4)","background-image":"","background-repeat":"repeat","background-position":"center center","background-size":"auto","background-attachment":"scroll","background-type":"","background-media":"","overlay-type":"","overlay-color":"","overlay-opacity":"","overlay-gradient":""},"tablet":{"background-color":"var(--ast-global-color-4)","background-image":"","background-repeat":"repeat","background-position":"center center","background-size":"auto","background-attachment":"scroll","background-type":"","background-media":"","overlay-type":"","overlay-color":"","overlay-opacity":"","overlay-gradient":""},"mobile":{"background-color":"var(--ast-global-color-4)","background-image":"","background-repeat":"repeat","background-position":"center center","background-size":"auto","background-attachment":"scroll","background-type":"","background-media":"","overlay-type":"","overlay-color":"","overlay-opacity":"","overlay-gradient":""}},"footnotes":""},"class_list":["post-542","page","type-page","status-publish","hentry"],"yoast_head":"<!-- This site is optimized with the Yoast SEO plugin v26.8 - https:\/\/yoast.com\/product\/yoast-seo-wordpress\/ -->\n<title>Contact - La Lampe et le Cerisier<\/title>\n<meta name=\"robots\" content=\"index, follow, max-snippet:-1, max-image-preview:large, max-video-preview:-1\" \/>\n<link rel=\"canonical\" href=\"https:\/\/lalampeetlecerisier.fr\/?page_id=542\" \/>\n<meta property=\"og:locale\" content=\"fr_FR\" \/>\n<meta property=\"og:type\" content=\"article\" \/>\n<meta property=\"og:title\" content=\"Contact - La Lampe et le Cerisier\" \/>\n<meta property=\"og:description\" content=\"Me contacter : N\u2019h\u00e9sitez pas \u00e0 m\u2019\u00e9crire si vous souhaitez \u00e9changer ou poser une question\" \/>\n<meta property=\"og:url\" content=\"https:\/\/lalampeetlecerisier.fr\/?page_id=542\" \/>\n<meta property=\"og:site_name\" content=\"La Lampe et le Cerisier\" \/>\n<meta property=\"article:modified_time\" content=\"2026-01-08T06:30:17+00:00\" \/>\n<meta name=\"twitter:card\" content=\"summary_large_image\" \/>\n<script type=\"application\/ld+json\" class=\"yoast-schema-graph\">{\"@context\":\"https:\/\/schema.org\",\"@graph\":[{\"@type\":\"WebPage\",\"@id\":\"https:\/\/lalampeetlecerisier.fr\/?page_id=542\",\"url\":\"https:\/\/lalampeetlecerisier.fr\/?page_id=542\",\"name\":\"Contact - La Lampe et le Cerisier\",\"isPartOf\":{\"@id\":\"https:\/\/lalampeetlecerisier.fr\/#website\"},\"datePublished\":\"2026-01-07T19:10:13+00:00\",\"dateModified\":\"2026-01-08T06:30:17+00:00\",\"breadcrumb\":{\"@id\":\"https:\/\/lalampeetlecerisier.fr\/?page_id=542#breadcrumb\"},\"inLanguage\":\"fr-FR\",\"potentialAction\":[{\"@type\":\"ReadAction\",\"target\":[\"https:\/\/lalampeetlecerisier.fr\/?page_id=542\"]}]},{\"@type\":\"BreadcrumbList\",\"@id\":\"https:\/\/lalampeetlecerisier.fr\/?page_id=542#breadcrumb\",\"itemListElement\":[{\"@type\":\"ListItem\",\"position\":1,\"name\":\"Accueil\",\"item\":\"https:\/\/lalampeetlecerisier.fr\/\"},{\"@type\":\"ListItem\",\"position\":2,\"name\":\"Contact\"}]},{\"@type\":\"WebSite\",\"@id\":\"https:\/\/lalampeetlecerisier.fr\/#website\",\"url\":\"https:\/\/lalampeetlecerisier.fr\/\",\"name\":\"La Lampe et le Cerisier\",\"description\":\"Pr\u00e9sence \u00e0 la vie : monde int\u00e9rieur, monde ext\u00e9rieur\",\"publisher\":{\"@id\":\"https:\/\/lalampeetlecerisier.fr\/#organization\"},\"potentialAction\":[{\"@type\":\"SearchAction\",\"target\":{\"@type\":\"EntryPoint\",\"urlTemplate\":\"https:\/\/lalampeetlecerisier.fr\/?s={search_term_string}\"},\"query-input\":{\"@type\":\"PropertyValueSpecification\",\"valueRequired\":true,\"valueName\":\"search_term_string\"}}],\"inLanguage\":\"fr-FR\"},{\"@type\":\"Organization\",\"@id\":\"https:\/\/lalampeetlecerisier.fr\/#organization\",\"name\":\"La Lampe et le Cerisier\",\"url\":\"https:\/\/lalampeetlecerisier.fr\/\",\"logo\":{\"@type\":\"ImageObject\",\"inLanguage\":\"fr-FR\",\"@id\":\"https:\/\/lalampeetlecerisier.fr\/#\/schema\/logo\/image\/\",\"url\":\"https:\/\/lalampeetlecerisier.fr\/wp-content\/uploads\/2025\/11\/cropped-cropped-lampe-bichrome.jpg\",\"contentUrl\":\"https:\/\/lalampeetlecerisier.fr\/wp-content\/uploads\/2025\/11\/cropped-cropped-lampe-bichrome.jpg\",\"width\":512,\"height\":495,\"caption\":\"La Lampe et le Cerisier\"},\"image\":{\"@id\":\"https:\/\/lalampeetlecerisier.fr\/#\/schema\/logo\/image\/\"}}]}<\/script>\n<!-- \/ Yoast SEO plugin. -->","yoast_head_json":{"title":"Contact - La Lampe et le Cerisier","robots":{"index":"index","follow":"follow","max-snippet":"max-snippet:-1","max-image-preview":"max-image-preview:large","max-video-preview":"max-video-preview:-1"},"canonical":"https:\/\/lalampeetlecerisier.fr\/?page_id=542","og_locale":"fr_FR","og_type":"article","og_title":"Contact - La Lampe et le Cerisier","og_description":"Me contacter : N\u2019h\u00e9sitez pas \u00e0 m\u2019\u00e9crire si vous souhaitez \u00e9changer ou poser une question","og_url":"https:\/\/lalampeetlecerisier.fr\/?page_id=542","og_site_name":"La Lampe et le Cerisier","article_modified_time":"2026-01-08T06:30:17+00:00","twitter_card":"summary_large_image","schema":{"@context":"https:\/\/schema.org","@graph":[{"@type":"WebPage","@id":"https:\/\/lalampeetlecerisier.fr\/?page_id=542","url":"https:\/\/lalampeetlecerisier.fr\/?page_id=542","name":"Contact - La Lampe et le Cerisier","isPartOf":{"@id":"https:\/\/lalampeetlecerisier.fr\/#website"},"datePublished":"2026-01-07T19:10:13+00:00","dateModified":"2026-01-08T06:30:17+00:00","breadcrumb":{"@id":"https:\/\/lalampeetlecerisier.fr\/?page_id=542#breadcrumb"},"inLanguage":"fr-FR","potentialAction":[{"@type":"ReadAction","target":["https:\/\/lalampeetlecerisier.fr\/?page_id=542"]}]},{"@type":"BreadcrumbList","@id":"https:\/\/lalampeetlecerisier.fr\/?page_id=542#breadcrumb","itemListElement":[{"@type":"ListItem","position":1,"name":"Accueil","item":"https:\/\/lalampeetlecerisier.fr\/"},{"@type":"ListItem","position":2,"name":"Contact"}]},{"@type":"WebSite","@id":"https:\/\/lalampeetlecerisier.fr\/#website","url":"https:\/\/lalampeetlecerisier.fr\/","name":"La Lampe et le Cerisier","description":"Pr\u00e9sence \u00e0 la vie : monde int\u00e9rieur, monde ext\u00e9rieur","publisher":{"@id":"https:\/\/lalampeetlecerisier.fr\/#organization"},"potentialAction":[{"@type":"SearchAction","target":{"@type":"EntryPoint","urlTemplate":"https:\/\/lalampeetlecerisier.fr\/?s={search_term_string}"},"query-input":{"@type":"PropertyValueSpecification","valueRequired":true,"valueName":"search_term_string"}}],"inLanguage":"fr-FR"},{"@type":"Organization","@id":"https:\/\/lalampeetlecerisier.fr\/#organization","name":"La Lampe et le Cerisier","url":"https:\/\/lalampeetlecerisier.fr\/","logo":{"@type":"ImageObject","inLanguage":"fr-FR","@id":"https:\/\/lalampeetlecerisier.fr\/#\/schema\/logo\/image\/","url":"https:\/\/lalampeetlecerisier.fr\/wp-content\/uploads\/2025\/11\/cropped-cropped-lampe-bichrome.jpg","contentUrl":"https:\/\/lalampeetlecerisier.fr\/wp-content\/uploads\/2025\/11\/cropped-cropped-lampe-bichrome.jpg","width":512,"height":495,"caption":"La Lampe et le Cerisier"},"image":{"@id":"https:\/\/lalampeetlecerisier.fr\/#\/schema\/logo\/image\/"}}]}},"_links":{"self":[{"href":"https:\/\/lalampeetlecerisier.fr\/index.php?rest_route=\/wp\/v2\/pages\/542","targetHints":{"allow":["GET"]}}],"collection":[{"href":"https:\/\/lalampeetlecerisier.fr\/index.php?rest_route=\/wp\/v2\/pages"}],"about":[{"href":"https:\/\/lalampeetlecerisier.fr\/index.php?rest_route=\/wp\/v2\/types\/page"}],"author":[{"embeddable":true,"href":"https:\/\/lalampeetlecerisier.fr\/index.php?rest_route=\/wp\/v2\/users\/1"}],"replies":[{"embeddable":true,"href":"https:\/\/lalampeetlecerisier.fr\/index.php?rest_route=%2Fwp%2Fv2%2Fcomments&post=542"}],"version-history":[{"count":5,"href":"https:\/\/lalampeetlecerisier.fr\/index.php?rest_route=\/wp\/v2\/pages\/542\/revisions"}],"predecessor-version":[{"id":555,"href":"https:\/\/lalampeetlecerisier.fr\/index.php?rest_route=\/wp\/v2\/pages\/542\/revisions\/555"}],"wp:attachment":[{"href":"https:\/\/lalampeetlecerisier.fr\/index.php?rest_route=%2Fwp%2Fv2%2Fmedia&parent=542"}],"curies":[{"name":"wp","href":"https:\/\/api.w.org\/{rel}","templated":true}]}}